{"id":719,"date":"2018-05-23T12:57:50","date_gmt":"2018-05-23T12:57:50","guid":{"rendered":"https:\/\/www.rsn08.fr\/RSN\/?page_id=719"},"modified":"2021-04-11T12:45:19","modified_gmt":"2021-04-11T10:45:19","slug":"mentions","status":"publish","type":"page","link":"https:\/\/www.rsn08.fr\/RSN\/mentions\/","title":{"rendered":"Mentions L\u00e9gales"},"content":{"rendered":"<p>Ce site est\u00a0<b>la propri\u00e9t\u00e9 de RETHEL SPORTIF NATATION<\/b> dont l&rsquo;adresse principale est:<br \/>\n<b>RSN, Hotel de ville, BP 5121,\u00a008305 RETHEL CEDEX<\/b><\/p>\n<p><b>Directeurs de la publication et responsable de l&rsquo;information: Mme LEFEVRE S.<\/b><\/p>\n<p><b>Cr\u00e9dits photographiques : Mme LEFEVRE S.<\/b><\/p>\n<p><b>H\u00e9bergement: Hostpapa<\/b><br \/>\n10-12, avenue de L&rsquo;Arche<br \/>\nFaubourg de L&rsquo;Arche<br \/>\nCourbevoie Cedex<br \/>\nParis La D\u00e9fense<br \/>\nFrance 92419<br \/>\nSiret : 51270587200012<br \/>\nRCS: Nanterre B 512 705 872<br \/>\nNo TVA: (FR) EU826012670<\/p>\n<p><b>Cr\u00e9ation du site et Webmestre: <a href=\"https:\/\/www.micrositepro.fr\" target=\"_blank\" rel=\"noopener noreferrer\">Microsite Pro<\/a><\/b><br \/>\n5 rue Hildevert Thom\u00e9<br \/>\n08300 Rethel<br \/>\nSiret : 418 320 446 00028<\/p>\n<p>&#8212;&#8212;&#8212;&#8211;<\/p>\n<p>L&rsquo;utilisateur des sites Internet reconna\u00eet disposer de la comp\u00e9tence et des moyens n\u00e9cessaires pour acc\u00e9der et utiliser ces sites.<br \/>\nIl reconna\u00eet \u00e9galement avoir pris connaissance de la pr\u00e9sente notice l\u00e9gale et s&rsquo;engage \u00e0 la respecter.<\/p>\n<p>L&rsquo;utilisateur dispose d&rsquo;un droit d&rsquo;acc\u00e8s, de modification, de rectification et de suppression des donn\u00e9es qui le concernent (article 34 de la loi \u00a0\u00bb Informatique et Libert\u00e9s \u00ab\u00a0). Pour l&rsquo;exercer, l&rsquo;utilisateur peut s&rsquo;adresser aupr\u00e8s du Directeur de la publication vis\u00e9 plus haut.<\/p>\n<p>Toute repr\u00e9sentation totale ou partielle de ces sites par quelque proc\u00e9d\u00e9 que ce soit, sans l&rsquo;autorisation expresse de l&rsquo;exploitant des sites Internet est interdite et constituerait une contrefa\u00e7on sanctionn\u00e9e par les articles L 335-2 et suivants du Code de la propri\u00e9t\u00e9 intellectuelle.<\/p>\n<p>Il en est de m\u00eame des \u00e9ventuelles bases de donn\u00e9es li\u00e9e \u00e0 ces sites Internet qui sont prot\u00e9g\u00e9es par les dispositions de la loi du 11 juillet 1998 portant transposition dans le Code de la propri\u00e9t\u00e9 intellectuelle (CPI) de la directive europ\u00e9enne du 11 mars 1996 relative \u00e0 la protection juridique des bases de donn\u00e9es.<\/p>\n<p>Les liens hypertextes mis en place dans le cadre de ces sites Internet en direction d&rsquo;autres ressources pr\u00e9sentes sur le r\u00e9seau de l&rsquo;Internet, et notamment vers ses partenaires ont fait l&rsquo;objet d&rsquo;une autorisation pr\u00e9alable expresse et \u00e9crite.<\/p>\n<p>Les utilisateurs visiteurs de ces sites Internet ne peuvent mettre en place un hyperlien en direction de ces sites sans l&rsquo;autorisation expresse et pr\u00e9alable de l&rsquo;exploitant du site Internet sous peine de poursuite.<\/p>\n","protected":false},"excerpt":{"rendered":"<p>Ce site est\u00a0la propri\u00e9t\u00e9 de RETHEL SPORTIF NATATION dont l&rsquo;adresse principale est: RSN, Hotel de ville, BP 5121,\u00a008305 RETHEL CEDEX Directeurs de la publication et responsable de l&rsquo;information: Mme LEFEVRE S. Cr\u00e9dits photographiques :&#46;&#46;&#46;<\/p>\n","protected":false},"author":4,"featured_media":0,"parent":0,"menu_order":0,"comment_status":"closed","ping_status":"closed","template":"","meta":{"footnotes":""},"class_list":["post-719","page","type-page","status-publish","hentry"],"_links":{"self":[{"href":"https:\/\/www.rsn08.fr\/RSN\/wp-json\/wp\/v2\/pages\/719","targetHints":{"allow":["GET"]}}],"collection":[{"href":"https:\/\/www.rsn08.fr\/RSN\/wp-json\/wp\/v2\/pages"}],"about":[{"href":"https:\/\/www.rsn08.fr\/RSN\/wp-json\/wp\/v2\/types\/page"}],"author":[{"embeddable":true,"href":"https:\/\/www.rsn08.fr\/RSN\/wp-json\/wp\/v2\/users\/4"}],"replies":[{"embeddable":true,"href":"https:\/\/www.rsn08.fr\/RSN\/wp-json\/wp\/v2\/comments?post=719"}],"version-history":[{"count":4,"href":"https:\/\/www.rsn08.fr\/RSN\/wp-json\/wp\/v2\/pages\/719\/revisions"}],"predecessor-version":[{"id":2053,"href":"https:\/\/www.rsn08.fr\/RSN\/wp-json\/wp\/v2\/pages\/719\/revisions\/2053"}],"wp:attachment":[{"href":"https:\/\/www.rsn08.fr\/RSN\/wp-json\/wp\/v2\/media?parent=719"}],"curies":[{"name":"wp","href":"https:\/\/api.w.org\/{rel}","templated":true}]}}