{"id":54,"date":"2018-02-03T16:59:18","date_gmt":"2018-02-03T16:59:18","guid":{"rendered":"http:\/\/www.rsn08.fr\/RSN\/?page_id=54"},"modified":"2019-08-24T08:36:44","modified_gmt":"2019-08-24T06:36:44","slug":"reglement-du-club","status":"publish","type":"page","link":"https:\/\/www.rsn08.fr\/RSN\/rsn-le-club\/reglement-du-club\/","title":{"rendered":"R\u00e8glement int\u00e9rieur du club"},"content":{"rendered":"<p><strong>REGLEMENT INTERIEUR\u00a0<\/strong><\/p>\n<p><strong>Article 1\u00a0: ADHESIONS \u2013 COTISATIONS<\/strong><br \/>\nTout nouveau membre \u00e0 jour de sa cotisation, devient membre adh\u00e9rent de l\u2019association.<br \/>\nLa cotisation et l\u2019approbation du r\u00e8glement sportif comprennent\u00a0:<\/p>\n<ol>\n<li>Une cotisation fixe pay\u00e9e \u00e0 l\u2019inscription, chaque saison par chaque adh\u00e9rent,<\/li>\n<li>Une partie proportionnelle aux d\u00e9placements effectu\u00e9s par les adh\u00e9rents sous les couleurs de l\u2019association. Cette cotisation est demand\u00e9e \u00e0 chaque participant avant les comp\u00e9titions.<\/li>\n<li>Le montant des cotisations est fix\u00e9 par le Comit\u00e9 Directeur \u00e0 la fin de chaque ann\u00e9e sportive pour la saison \u00ab\u00a0n+1\u00a0\u00bb et soumis \u00e0 approbation lors de l\u2019assembl\u00e9e g\u00e9n\u00e9rale.<\/li>\n<\/ol>\n<p><strong><em>Un adh\u00e9rent qui cesse de participer aux activit\u00e9s de l\u2019association ne peut pr\u00e9tendre au remboursement de la cotisation, quel qu\u2019en soit le motif.<\/em><\/strong><br \/>\nL\u2019association n\u2019est en aucun cas responsable des fermetures de piscines, du calendrier annuel (jours f\u00e9ri\u00e9s). Les cours ne pouvant \u00eatre assur\u00e9s pour ces motifs, ne peuvent pas \u00eatre r\u00e9cup\u00e9r\u00e9s.<br \/>\nAucune modification de cr\u00e9neau ne sera autoris\u00e9e sans l\u2019aval des personnes d\u2019encadrement.<br \/>\nLes absences pour quelque motif que ce soit ne seront pas r\u00e9cup\u00e9rables sur un autre cr\u00e9neau.<\/p>\n<p><strong>Article 2\u00a0: AFFILIATION F.F.N.<\/strong><br \/>\nLa saison sportive s\u2019\u00e9tend de septembre \u00e0 juillet.<br \/>\nTous les membres de l\u2019association sont affili\u00e9s \u00e0 la F\u00e9d\u00e9ration Fran\u00e7aise de Natation par une licence.<\/p>\n<p><strong>Article 3\u00a0: REGLEMENT DU CENTRE AQUATIQUE<\/strong><br \/>\nTous les adh\u00e9rents doivent se conformer au r\u00e8glement int\u00e9rieur du Centre aquatique, r\u00e8glement \u00e9tabli par le gestionnaire du Centre de Rethel. Ce r\u00e8glement est affich\u00e9 dans le hall d\u2019entr\u00e9e.<\/p>\n<p><strong>Article 4\u00a0: RESPONSABILITE DE L\u2019ASSOCIATION<\/strong><br \/>\nLe RSN d\u00e9cline toute responsabilit\u00e9 en cas de vol de v\u00eatements, montres, argent, bijoux, etc\u2026 laiss\u00e9s dans les vestiaires individuels ou collectifs durant les entra\u00eenements ou comp\u00e9titions. Il est recommand\u00e9 aux nageurs de ne pas apporter des objets de valeur.<\/p>\n<p><strong>Article 5\u00a0: APPLICATION DU REGLEMENT<\/strong><br \/>\nLe personnel encadrant est charg\u00e9 de la surveillance des lignes d\u2019eau occup\u00e9es par les membres du club, du respect du r\u00e8glement int\u00e9rieur. Ils doivent en outre s\u2019assurer que chaque nageur est licenci\u00e9. Chaque adh\u00e9rent doit avoir en permanence sa carte de membre sur lui, des contr\u00f4les seront effectu\u00e9s.<br \/>\nLes adh\u00e9rents sont tenus en toute circonstance (entra\u00eenements, d\u00e9placements, stages, comp\u00e9titions, etc\u2026) d\u2019adopter un comportement non pr\u00e9judiciable \u00e0 l\u2019image de marque du RSN.<br \/>\nTout manquement \u00e0 ces r\u00e8gles sera suivi de sanctions pouvant aller jusqu\u2019\u00e0 l\u2019exclusion de l\u2019association sans pouvoir pr\u00e9tendre \u00e0 aucun remboursement de cotisation.<br \/>\nIl est demand\u00e9 aux parents et aux nageurs de r\u00e9pondre favorablement en cas de s\u00e9lection pour une comp\u00e9tition quelque soit le groupe de nageurs ou de pr\u00e9venir le plus vite possible l\u2019encadrement en cas\u00a0<u>d\u2019impossibilit\u00e9 majeure<\/u>\u00a0; toute absence non justifi\u00e9e par un certificat m\u00e9dical entra\u00eenant une amende provoquera la facturation de cette derni\u00e8re \u00e0 l\u2019adh\u00e9rent concern\u00e9.<br \/>\n\u00ab\u00a0Conform\u00e9ment, au principe de l\u2019Education Nationale, le club d\u00e9gage toute responsabilit\u00e9 concernant les adh\u00e9rents et leur s\u00e9curit\u00e9 en dehors des heures d\u2019entra\u00eenement et de comp\u00e9tition.\u00a0\u00bb<br \/>\nMerci aux parents de penser \u00e0 r\u00e9cup\u00e9rer leurs enfants \u00e0 la fin du cr\u00e9neau horaire le concernant.<br \/>\nChaque adh\u00e9rent s\u2019engage \u00e0 respecter le mat\u00e9riel du club mis \u00e0 sa disposition (mat\u00e9riel servant \u00e0 la natation, minibus, \u2026)\u00a0; pour tout manquement \u00e0 ce respect, le club se verra dans l\u2019obligation de facturer les dommages \u00e0 l\u2019adh\u00e9rent mis en cause.<br \/>\nChaque adh\u00e9rent majeur ou son repr\u00e9sentant l\u00e9gal, si mineur, autorise le club \u00e0 publier, \u00e0 la presse ou sur le site internet du club, les photos prises lors de diverses manifestations, entra\u00eenements ou activit\u00e9s r\u00e9guli\u00e8res de ce dernier et autorise la diffusion des \u00e9tats civils aupr\u00e8s des partenaires officiels.<br \/>\nLe repr\u00e9sentant l\u00e9gal d\u2019un adh\u00e9rent ne peut \u00ab\u00a0critiquer\u00a0\u00bb ou demander une modification de la s\u00e9ance \u00e0 un encadrant.<br \/>\nEn fin de saison, la derni\u00e8re s\u00e9ance sera r\u00e9serv\u00e9e \u00e0 un entra\u00eenement \u00ab\u00a0r\u00e9cr\u00e9atif\u00a0\u00bb pour les groupes de niveau Sauv\u2019nage \u00e0 Pr\u00e9-comp\u00e9tition.<br \/>\nLes adh\u00e9rents ont uniquement acc\u00e8s au bassin de \u00ab\u00a0nage\u00a0\u00bb pendant les cr\u00e9neaux club. Ils doivent ensuite regagner les vestiaires et sortir.<br \/>\n<strong><u>Le port du bonnet et des lunettes est obligatoire pendant les entra\u00eenements.<\/u><\/strong><\/p>\n<p><strong>Article 6\u00a0: VISITE MEDICALE<\/strong><br \/>\nLa visite m\u00e9dicale est obligatoire pour l\u2019obtention de la licence.<br \/>\n<strong><em>Tout adh\u00e9rent, apr\u00e8s une interruption de 15 jours pour maladie ou intervention chirurgicale devra pr\u00e9senter obligatoirement pour la reprise de son activit\u00e9 sportive un nouveau certificat m\u00e9dical.<\/em><\/strong><\/p>\n<p>Responsabilisation, S\u00e9curit\u00e9, Sagesse et tout se passera bien.<br \/>\nBonne saison sportive \u00e0 tous.<\/p>\n<p>&nbsp;<\/p>\n<p>Le Pr\u00e9sident du RSN<\/p>\n","protected":false},"excerpt":{"rendered":"<p>REGLEMENT INTERIEUR\u00a0 Article 1\u00a0: ADHESIONS \u2013 COTISATIONS Tout nouveau membre \u00e0 jour de sa cotisation, devient membre adh\u00e9rent de l\u2019association. La cotisation et l\u2019approbation du r\u00e8glement sportif comprennent\u00a0: Une cotisation fixe pay\u00e9e \u00e0 l\u2019inscription,&#46;&#46;&#46;<\/p>\n","protected":false},"author":4,"featured_media":0,"parent":57,"menu_order":0,"comment_status":"closed","ping_status":"closed","template":"","meta":{"footnotes":""},"class_list":["post-54","page","type-page","status-publish","hentry"],"_links":{"self":[{"href":"https:\/\/www.rsn08.fr\/RSN\/wp-json\/wp\/v2\/pages\/54","targetHints":{"allow":["GET"]}}],"collection":[{"href":"https:\/\/www.rsn08.fr\/RSN\/wp-json\/wp\/v2\/pages"}],"about":[{"href":"https:\/\/www.rsn08.fr\/RSN\/wp-json\/wp\/v2\/types\/page"}],"author":[{"embeddable":true,"href":"https:\/\/www.rsn08.fr\/RSN\/wp-json\/wp\/v2\/users\/4"}],"replies":[{"embeddable":true,"href":"https:\/\/www.rsn08.fr\/RSN\/wp-json\/wp\/v2\/comments?post=54"}],"version-history":[{"count":5,"href":"https:\/\/www.rsn08.fr\/RSN\/wp-json\/wp\/v2\/pages\/54\/revisions"}],"predecessor-version":[{"id":1118,"href":"https:\/\/www.rsn08.fr\/RSN\/wp-json\/wp\/v2\/pages\/54\/revisions\/1118"}],"up":[{"embeddable":true,"href":"https:\/\/www.rsn08.fr\/RSN\/wp-json\/wp\/v2\/pages\/57"}],"wp:attachment":[{"href":"https:\/\/www.rsn08.fr\/RSN\/wp-json\/wp\/v2\/media?parent=54"}],"curies":[{"name":"wp","href":"https:\/\/api.w.org\/{rel}","templated":true}]}}