{"id":281,"date":"2018-05-13T11:25:25","date_gmt":"2018-05-13T11:25:25","guid":{"rendered":"https:\/\/www.rsn08.fr\/RSN\/?page_id=281"},"modified":"2019-10-05T10:27:17","modified_gmt":"2019-10-05T08:27:17","slug":"adultes-maitres-loisirs","status":"publish","type":"page","link":"https:\/\/www.rsn08.fr\/RSN\/adultes-maitres-loisirs\/","title":{"rendered":"Adolescents &amp; Adultes : Loisirs"},"content":{"rendered":"<p><strong>Section pour les adolescents et adultes<\/strong> souhaitant pratiquer une activit\u00e9 physique dans une ambiance sympathique et conviviale.<\/p>\n<p>Pour les jeunes de plus de 12 ans d\u00e9sirant pratiquer une activit\u00e9 sportive sans faire de comp\u00e9tition.<\/p>\n<p>On distingue 2 groupes de niveaux avec des objectifs diff\u00e9rents :<br \/>\n\u00b7 \u00a0 \u00a0 \u00a0Nageurs d\u00e9butants\u00a0: apprentissage des 4 nages<br \/>\n\u00b7 \u00a0 \u00a0 \u00a0Nageurs confirm\u00e9s : perfectionnement des 4 nages, endurance, entretien physique<\/p>\n","protected":false},"excerpt":{"rendered":"<p>Section pour les adolescents et adultes souhaitant pratiquer une activit\u00e9 physique dans une ambiance sympathique et conviviale. Pour les jeunes de plus de 12 ans d\u00e9sirant pratiquer une activit\u00e9 sportive sans faire de comp\u00e9tition.&#46;&#46;&#46;<\/p>\n","protected":false},"author":4,"featured_media":0,"parent":0,"menu_order":0,"comment_status":"closed","ping_status":"closed","template":"","meta":{"footnotes":""},"class_list":["post-281","page","type-page","status-publish","hentry"],"_links":{"self":[{"href":"https:\/\/www.rsn08.fr\/RSN\/wp-json\/wp\/v2\/pages\/281","targetHints":{"allow":["GET"]}}],"collection":[{"href":"https:\/\/www.rsn08.fr\/RSN\/wp-json\/wp\/v2\/pages"}],"about":[{"href":"https:\/\/www.rsn08.fr\/RSN\/wp-json\/wp\/v2\/types\/page"}],"author":[{"embeddable":true,"href":"https:\/\/www.rsn08.fr\/RSN\/wp-json\/wp\/v2\/users\/4"}],"replies":[{"embeddable":true,"href":"https:\/\/www.rsn08.fr\/RSN\/wp-json\/wp\/v2\/comments?post=281"}],"version-history":[{"count":3,"href":"https:\/\/www.rsn08.fr\/RSN\/wp-json\/wp\/v2\/pages\/281\/revisions"}],"predecessor-version":[{"id":1669,"href":"https:\/\/www.rsn08.fr\/RSN\/wp-json\/wp\/v2\/pages\/281\/revisions\/1669"}],"wp:attachment":[{"href":"https:\/\/www.rsn08.fr\/RSN\/wp-json\/wp\/v2\/media?parent=281"}],"curies":[{"name":"wp","href":"https:\/\/api.w.org\/{rel}","templated":true}]}}