{"id":279,"date":"2018-05-13T11:24:58","date_gmt":"2018-05-13T11:24:58","guid":{"rendered":"https:\/\/www.rsn08.fr\/RSN\/?page_id=279"},"modified":"2019-08-24T08:36:42","modified_gmt":"2019-08-24T06:36:42","slug":"natation-sportive-competition","status":"publish","type":"page","link":"https:\/\/www.rsn08.fr\/RSN\/natation-sportive-competition\/","title":{"rendered":"Natation sportive\/ Comp\u00e9tition"},"content":{"rendered":"<p><strong>CETTE SECTION COMPORTE 2 NIVEAUX<br \/>\nAVEC 2 \u00c0 4 ENTRA\u00ceNEMENTS PAR SEMAINE SELON LE NIVEAU.<\/strong><\/p>\n<p><strong><br \/>\nLes objectifs\u00a0:<\/strong><\/p>\n<ul>\n<li><strong>Perfectionnement des 4 nages<\/strong><\/li>\n<\/ul>\n<p><img loading=\"lazy\" decoding=\"async\" class=\"alignnone wp-image-349 size-full aligncenter\" style=\"line-height: 1.5;\" src=\"https:\/\/www.rsn08.fr\/RSN\/wp-content\/uploads\/2018\/05\/40782328_butterfly_anim.gif\" alt=\"\" width=\"298\" height=\"224\" \/> <img loading=\"lazy\" decoding=\"async\" class=\"alignnone wp-image-347 size-full aligncenter\" src=\"https:\/\/www.rsn08.fr\/RSN\/wp-content\/uploads\/2018\/05\/40776920_back_stroke_anim.gif\" alt=\"\" width=\"298\" height=\"224\" \/><\/p>\n<p><img loading=\"lazy\" decoding=\"async\" class=\"alignnone wp-image-348 size-full aligncenter\" src=\"https:\/\/www.rsn08.fr\/RSN\/wp-content\/uploads\/2018\/05\/38118560_breast_stroke.gif\" alt=\"\" width=\"298\" height=\"224\" \/><\/p>\n<p><img loading=\"lazy\" decoding=\"async\" class=\"alignnone wp-image-344 size-full aligncenter\" src=\"https:\/\/www.rsn08.fr\/RSN\/wp-content\/uploads\/2018\/05\/38124735_front_crawl.gif\" alt=\"\" width=\"298\" height=\"224\" \/><\/p>\n<ul>\n<li><strong>Apprentissage des techniques d\u2019entra\u00eenement<br \/>\n<\/strong><\/li>\n<li><strong><strong>Perfectionnement des virages et des d\u00e9parts.<\/strong><\/strong><\/li>\n<\/ul>\n<p><img loading=\"lazy\" decoding=\"async\" class=\"size-full wp-image-359 aligncenter\" src=\"https:\/\/www.rsn08.fr\/RSN\/wp-content\/uploads\/2018\/05\/40790928_back_turn_anim.gif\" alt=\"\" width=\"298\" height=\"224\" \/> <img loading=\"lazy\" decoding=\"async\" class=\"size-medium wp-image-360 aligncenter\" src=\"https:\/\/www.rsn08.fr\/RSN\/wp-content\/uploads\/2018\/05\/40784474_butterfly_turn_anim.gif\" alt=\"\" width=\"298\" height=\"224\" \/> <img loading=\"lazy\" decoding=\"async\" class=\"size-medium wp-image-361 aligncenter\" src=\"https:\/\/www.rsn08.fr\/RSN\/wp-content\/uploads\/2018\/05\/38117682_front_crawl_turn.gif\" alt=\"\" width=\"298\" height=\"224\" \/><\/p>\n<p>&nbsp;<\/p>\n<p>Chaque nageur a l\u2019occasion de participer \u00e0 des comp\u00e9titions adapt\u00e9es au niveau de son groupe.<\/p>\n","protected":false},"excerpt":{"rendered":"<p>CETTE SECTION COMPORTE 2 NIVEAUX AVEC 2 \u00c0 4 ENTRA\u00ceNEMENTS PAR SEMAINE SELON LE NIVEAU. Les objectifs\u00a0: Perfectionnement des 4 nages Apprentissage des techniques d\u2019entra\u00eenement Perfectionnement des virages et des d\u00e9parts. &nbsp; Chaque nageur&#46;&#46;&#46;<\/p>\n","protected":false},"author":4,"featured_media":0,"parent":0,"menu_order":0,"comment_status":"closed","ping_status":"closed","template":"","meta":{"footnotes":""},"class_list":["post-279","page","type-page","status-publish","hentry"],"_links":{"self":[{"href":"https:\/\/www.rsn08.fr\/RSN\/wp-json\/wp\/v2\/pages\/279","targetHints":{"allow":["GET"]}}],"collection":[{"href":"https:\/\/www.rsn08.fr\/RSN\/wp-json\/wp\/v2\/pages"}],"about":[{"href":"https:\/\/www.rsn08.fr\/RSN\/wp-json\/wp\/v2\/types\/page"}],"author":[{"embeddable":true,"href":"https:\/\/www.rsn08.fr\/RSN\/wp-json\/wp\/v2\/users\/4"}],"replies":[{"embeddable":true,"href":"https:\/\/www.rsn08.fr\/RSN\/wp-json\/wp\/v2\/comments?post=279"}],"version-history":[{"count":14,"href":"https:\/\/www.rsn08.fr\/RSN\/wp-json\/wp\/v2\/pages\/279\/revisions"}],"predecessor-version":[{"id":363,"href":"https:\/\/www.rsn08.fr\/RSN\/wp-json\/wp\/v2\/pages\/279\/revisions\/363"}],"wp:attachment":[{"href":"https:\/\/www.rsn08.fr\/RSN\/wp-json\/wp\/v2\/media?parent=279"}],"curies":[{"name":"wp","href":"https:\/\/api.w.org\/{rel}","templated":true}]}}